{"id":1058,"date":"2023-11-21T15:27:59","date_gmt":"2023-11-21T14:27:59","guid":{"rendered":"http:\/\/pealock-bricks.local\/faq\/"},"modified":"2024-06-05T13:31:22","modified_gmt":"2024-06-05T11:31:22","slug":"caste-otazky","status":"publish","type":"page","link":"https:\/\/pealock.com\/cs\/caste-otazky\/","title":{"rendered":"\u010cast\u00e9 ot\u00e1zky"},"content":{"rendered":"","protected":false},"excerpt":{"rendered":"","protected":false},"author":2,"featured_media":0,"parent":0,"menu_order":0,"comment_status":"closed","ping_status":"closed","template":"","meta":{"_acf_changed":false,"footnotes":""},"class_list":["post-1058","page","type-page","status-publish","hentry"],"acf":[],"_links":{"self":[{"href":"https:\/\/pealock.com\/cs\/wp-json\/wp\/v2\/pages\/1058","targetHints":{"allow":["GET"]}}],"collection":[{"href":"https:\/\/pealock.com\/cs\/wp-json\/wp\/v2\/pages"}],"about":[{"href":"https:\/\/pealock.com\/cs\/wp-json\/wp\/v2\/types\/page"}],"author":[{"embeddable":true,"href":"https:\/\/pealock.com\/cs\/wp-json\/wp\/v2\/users\/2"}],"replies":[{"embeddable":true,"href":"https:\/\/pealock.com\/cs\/wp-json\/wp\/v2\/comments?post=1058"}],"version-history":[{"count":11,"href":"https:\/\/pealock.com\/cs\/wp-json\/wp\/v2\/pages\/1058\/revisions"}],"predecessor-version":[{"id":79444,"href":"https:\/\/pealock.com\/cs\/wp-json\/wp\/v2\/pages\/1058\/revisions\/79444"}],"wp:attachment":[{"href":"https:\/\/pealock.com\/cs\/wp-json\/wp\/v2\/media?parent=1058"}],"curies":[{"name":"wp","href":"https:\/\/api.w.org\/{rel}","templated":true}]}}