{"id":618,"date":"2023-11-14T10:28:41","date_gmt":"2023-11-14T09:28:41","guid":{"rendered":"http:\/\/pealock-bricks.local\/cart\/"},"modified":"2024-03-26T17:02:26","modified_gmt":"2024-03-26T16:02:26","slug":"nakupny-kosik","status":"publish","type":"page","link":"http:\/\/pealock.com\/sk\/nakupny-kosik\/","title":{"rendered":"Ko\u0161\u00edk"},"content":{"rendered":"<div class=\"woocommerce\"><div class=\"woocommerce-notices-wrapper\"><\/div><div class=\"wc-empty-cart-message\">\n\t<div class=\"cart-empty woocommerce-info\" role=\"status\">\n\t\tV\u00e1\u0161 ko\u0161\u00edk je pr\u00e1zdny.\t<\/div>\n<\/div>\t\t<p class=\"return-to-shop\">\n\t\t\t<a class=\"button wc-backward\" href=\"http:\/\/pealock.com\/sk\/obchod\/\">\n\t\t\t\tVr\u00e1ti\u0165 sa do obchodu\t\t\t<\/a>\n\t\t<\/p>\n\t\t<\/div>\n","protected":false},"excerpt":{"rendered":"","protected":false},"author":1,"featured_media":0,"parent":0,"menu_order":0,"comment_status":"closed","ping_status":"closed","template":"","meta":{"_acf_changed":false,"footnotes":""},"class_list":["post-618","page","type-page","status-publish","hentry"],"acf":[],"_links":{"self":[{"href":"http:\/\/pealock.com\/sk\/wp-json\/wp\/v2\/pages\/618","targetHints":{"allow":["GET"]}}],"collection":[{"href":"http:\/\/pealock.com\/sk\/wp-json\/wp\/v2\/pages"}],"about":[{"href":"http:\/\/pealock.com\/sk\/wp-json\/wp\/v2\/types\/page"}],"author":[{"embeddable":true,"href":"http:\/\/pealock.com\/sk\/wp-json\/wp\/v2\/users\/1"}],"replies":[{"embeddable":true,"href":"http:\/\/pealock.com\/sk\/wp-json\/wp\/v2\/comments?post=618"}],"version-history":[{"count":1,"href":"http:\/\/pealock.com\/sk\/wp-json\/wp\/v2\/pages\/618\/revisions"}],"predecessor-version":[{"id":77467,"href":"http:\/\/pealock.com\/sk\/wp-json\/wp\/v2\/pages\/618\/revisions\/77467"}],"wp:attachment":[{"href":"http:\/\/pealock.com\/sk\/wp-json\/wp\/v2\/media?parent=618"}],"curies":[{"name":"wp","href":"https:\/\/api.w.org\/{rel}","templated":true}]}}